{"id":3084,"date":"2020-11-16T13:56:21","date_gmt":"2020-11-16T11:56:21","guid":{"rendered":"https:\/\/wiacom.ai\/?page_id=3084"},"modified":"2020-11-16T14:32:13","modified_gmt":"2020-11-16T12:32:13","slug":"marketing-und-datenschutzbestimmungen","status":"publish","type":"page","link":"https:\/\/wiacom.ai\/de\/marketing-und-datenschutzbestimmungen\/","title":{"rendered":"Marketing- und Datenschutzbestimmungen"},"content":{"rendered":"\n<p><br><\/p>\n\n\n\n<p><strong>Als Benutzer dieses Dienstes m\u00fcssen Sie mindestens 16 Jahre alt sein.<\/strong><\/p>\n\n\n\n<p><strong>Ihre pers\u00f6nlichen Daten k\u00f6nnen vom Eigent\u00fcmer des von Ihnen besuchten Standorts f\u00fcr Marketingnachrichten per SMS und E-Mail verwendet werden.<\/strong><\/p>\n\n\n\n<p><strong>Unsere Datenschutzerkl\u00e4rung<\/strong><\/p>\n\n\n\n<p>Die Informationen, die wir basierend auf der Marketingvereinbarung f\u00fcr einen bestimmten Standort sammeln und verarbeiten:<\/p>\n\n\n\n<ul class=\"wp-block-list\"><li>Informationen, die wir beim Anmeldevorgang sammeln: die Daten aus dem Konto des sozialen Netzwerks (Facebook, Instagram, Twitter und Linked In), dh Alter, Geburtstag, E-Mail-Adresse, Geschlecht und Stadt, sowie die Telefonnummer, die jeder Benutzer des Service bereitwillig zur Verf\u00fcgung gestellt.<\/li><li>Die Seiten, auf die Sie zugreifen, um Ihr Benutzerprofil zu bestimmen. Wir sammeln KEINE Finanzinformationen oder Passw\u00f6rter.<\/li><li>Informationen zu dem Terminal, das Sie beim Anmelden verwenden (Mobiltelefon, Tablet, Computer): Marke, Modell, Browserversion, MAC-Adresse und Datum \/ Uhrzeit des Zugriffs auf das Wi-Fi-Netzwerk.<\/li><\/ul>\n\n\n\n<p><strong>Kekse<\/strong><\/p>\n\n\n\n<p>Wir verwenden Cookies, mit denen wir das von Ihnen verwendete Terminal identifizieren k\u00f6nnen, und Google Analytics. Die von WIACOM verwendeten Cookies erfordern keine personenbezogenen Daten des Benutzers und identifizieren in den meisten F\u00e4llen die Besucher nicht. Die von Cookies gesammelten Informationen werden ausschlie\u00dflich verwendet, um einige Funktionen bereitzustellen, z. B. die Leistung des Anmeldemechanismus. Das zur Verschl\u00fcsselung dieser Informationen verwendete System macht die Dekodierung und Verarbeitung durch Dritte ohne Genehmigung unm\u00f6glich.<\/p>\n\n\n\n<p><strong>Datenspeicher<\/strong><\/p>\n\n\n\n<p>Ihre Daten, f\u00fcr die Sie zu Marketingzwecken zugestimmt haben, werden in \u00dcbereinstimmung mit den im Bereich des Schutzes personenbezogener Daten geltenden nationalen und europ\u00e4ischen Rechtsvorschriften auf einem privaten gesicherten Medium gespeichert. WIACOM hat zusammen mit den Partnern der Standorte technische und organisatorische Ma\u00dfnahmen getroffen, um den Datenschutz und die Sicherheit der Daten zu gew\u00e4hrleisten. Die Daten werden ab dem Zeitpunkt der Datenerfassung f\u00fcnf Jahre lang in den WIACOM-Systemen gespeichert. WIACOM verlangt von den Eigent\u00fcmern von Standorten, dass sie die in dieser Richtlinie festgelegte Aufbewahrungsfrist einhalten und alle diesbez\u00fcglichen Anstrengungen unternehmen.<\/p>\n\n\n\n<p><strong>Wie werden Ihre Daten verwendet?<\/strong><\/p>\n\n\n\n<p>Die gesammelten Daten k\u00f6nnen von WIACOM und dem Eigent\u00fcmer des Standorts f\u00fcr den angegebenen Zweck verwendet werden. Dieses Prinzip gilt f\u00fcr jeden einzelnen Standort. Wenn Sie also an einem neuen Standort auf WIACOM zugreifen, wird Ihre Zustimmung zu Marketingzwecken f\u00fcr diesen Standort angefordert. Wenn Sie Ihre Zustimmung f\u00fcr einen bestimmten Ort nicht erteilen, hat dies keine Auswirkungen auf Ihre Zustimmung f\u00fcr einen anderen Ort. Sie k\u00f6nnen Ihre zu Marketingzwecken erteilte Zustimmung f\u00fcr jeden Standort widerrufen, indem Sie auf das Portal https:\/\/up.wiacom.ai zugreifen.<\/p>\n\n\n\n<p>Die von WIACOM erhobenen Daten k\u00f6nnen den zust\u00e4ndigen Beh\u00f6rden zur Verf\u00fcgung gestellt werden, um unseren gesetzlichen Verpflichtungen zur Bereitstellung dieser Daten nachzukommen. Die in den Nutzungsbedingungen f\u00fcr den Service vorgesehenen Rechte gelten auch f\u00fcr personenbezogene Daten, die zu Marketingzwecken verarbeitet werden, und f\u00fcr deren Aus\u00fcbung gelten dieselben Bedingungen.<\/p>\n\n\n\n<p>In Anbetracht des Marketingzwecks, auf dessen Grundlage Ihre personenbezogenen Daten verarbeitet werden, haben Sie grunds\u00e4tzlich das Recht, der Verarbeitung zu widersprechen.<\/p>\n\n\n\n<p>Sie k\u00f6nnen Ihre zu Marketingzwecken erteilte Zustimmung jederzeit widerrufen, indem Sie auf Ihr Benutzerkonto unter <a href=\"https:\/\/up.wiacom.ai\" class=\"rank-math-link\">https:\/\/up.wiacom.ai<\/a> zugreifen. Falls Sie weitere Informationen ben\u00f6tigen, k\u00f6nnen Sie die Kontaktdaten des Standorts verwenden: &#8222;Telefonnummer&#8220; und &#8222;E-Mail&#8220;.<\/p>\n\n\n\n<p>Eine Verweigerung der Verarbeitung personenbezogener Daten (Handynummer und E-Mail) durch den Nutzer f\u00fcr Direktmarketingzwecke bedeutet nicht ein Verbot des Rechts zur Erbringung des Dienstes. Der Benutzer ist berechtigt, den vom Unternehmen zur Verf\u00fcgung gestellten Service auch dann zu nutzen, wenn der Benutzer der kommerziellen Kommunikation nicht zugestimmt hat, sondern erst, nachdem er die Nutzungsbedingungen f\u00fcr den Service akzeptiert hat.<\/p>\n","protected":false},"excerpt":{"rendered":"<p>Als Benutzer dieses Dienstes m\u00fcssen Sie mindestens 16 Jahre alt sein. Ihre pers\u00f6nlichen Daten k\u00f6nnen vom Eigent\u00fcmer des von Ihnen besuchten Standorts f\u00fcr Marketingnachrichten per SMS und E-Mail verwendet werden. Unsere Datenschutzerkl\u00e4rung Die Informationen, die wir basierend auf der Marketingvereinbarung &hellip; <a class=\"kt-excerpt-readmore more-link\" href=\"https:\/\/wiacom.ai\/de\/marketing-und-datenschutzbestimmungen\/\" aria-label=\"Marketing- und Datenschutzbestimmungen\">Read More<\/a><\/p>\n","protected":false},"author":2,"featured_media":0,"parent":0,"menu_order":0,"comment_status":"closed","ping_status":"closed","template":"","meta":{"content-type":"","kt_blocks_editor_width":"","_kad_blocks_custom_css":"","_kad_blocks_head_custom_js":"","_kad_blocks_body_custom_js":"","_kad_blocks_footer_custom_js":"","footnotes":""},"class_list":["post-3084","page","type-page","status-publish","hentry"],"taxonomy_info":[],"featured_image_src_large":false,"author_info":{"display_name":"Laurentiu Cenusa","author_link":"https:\/\/wiacom.ai\/de\/author\/wiacom\/"},"comment_info":0,"_links":{"self":[{"href":"https:\/\/wiacom.ai\/de\/wp-json\/wp\/v2\/pages\/3084","targetHints":{"allow":["GET"]}}],"collection":[{"href":"https:\/\/wiacom.ai\/de\/wp-json\/wp\/v2\/pages"}],"about":[{"href":"https:\/\/wiacom.ai\/de\/wp-json\/wp\/v2\/types\/page"}],"author":[{"embeddable":true,"href":"https:\/\/wiacom.ai\/de\/wp-json\/wp\/v2\/users\/2"}],"replies":[{"embeddable":true,"href":"https:\/\/wiacom.ai\/de\/wp-json\/wp\/v2\/comments?post=3084"}],"version-history":[{"count":1,"href":"https:\/\/wiacom.ai\/de\/wp-json\/wp\/v2\/pages\/3084\/revisions"}],"predecessor-version":[{"id":3085,"href":"https:\/\/wiacom.ai\/de\/wp-json\/wp\/v2\/pages\/3084\/revisions\/3085"}],"wp:attachment":[{"href":"https:\/\/wiacom.ai\/de\/wp-json\/wp\/v2\/media?parent=3084"}],"curies":[{"name":"wp","href":"https:\/\/api.w.org\/{rel}","templated":true}]}}