{"id":1946,"date":"2019-12-12T19:32:57","date_gmt":"2019-12-12T17:32:57","guid":{"rendered":"https:\/\/wiacom.ai\/?page_id=1946"},"modified":"2024-12-10T14:09:18","modified_gmt":"2024-12-10T12:09:18","slug":"contacto","status":"publish","type":"page","link":"https:\/\/wiacom.ai\/es\/contacto\/","title":{"rendered":"Contacto"},"content":{"rendered":"<style>.kb-row-layout-id1946_ae9735-6e > .kt-row-column-wrap{align-content:start;}:where(.kb-row-layout-id1946_ae9735-6e > .kt-row-column-wrap) > .wp-block-kadence-column{justify-content:start;}.kb-row-layout-id1946_ae9735-6e > .kt-row-column-wrap{column-gap:var(--global-kb-gap-md, 2rem);row-gap:var(--global-kb-gap-md, 2rem);max-width:1920px;margin-left:auto;margin-right:auto;padding-top:var(--global-kb-spacing-sm, 1.5rem);padding-bottom:var(--global-kb-spacing-sm, 1.5rem);}.kb-row-layout-id1946_ae9735-6e > .kt-row-column-wrap > div:not(.added-for-specificity){grid-column:initial;}.kb-row-layout-id1946_ae9735-6e > .kt-row-column-wrap{grid-template-columns:repeat(3, minmax(0, 1fr));}.kb-row-layout-id1946_ae9735-6e > .kt-row-layout-overlay{opacity:0.30;}.kb-row-layout-id1946_ae9735-6e .kt-row-layout-bottom-sep{height:100px;}.kb-row-layout-id1946_ae9735-6e .kt-row-layout-bottom-sep svg{width:100%;}.kb-row-layout-id1946_ae9735-6e .kt-row-layout-bottom-sep svg{fill:#ffffff!important;}@media all and (max-width: 1024px){.kb-row-layout-id1946_ae9735-6e > .kt-row-column-wrap > div:not(.added-for-specificity){grid-column:initial;}}@media all and (max-width: 1024px){.kb-row-layout-id1946_ae9735-6e > .kt-row-column-wrap{grid-template-columns:repeat(3, minmax(0, 1fr));}}@media all and (max-width: 1024px){.kb-row-layout-id1946_ae9735-6e .kt-row-layout-bottom-sep{height:px;}}@media all and (max-width: 1024px){.kb-row-layout-id1946_ae9735-6e .kt-row-layout-bottom-sep svg{width:%;}}@media all and (max-width: 767px){.kb-row-layout-id1946_ae9735-6e > .kt-row-column-wrap{padding-right:30px;padding-left:30px;grid-template-columns:minmax(0, 1fr);}.kb-row-layout-id1946_ae9735-6e > .kt-row-column-wrap > div:not(.added-for-specificity){grid-column:initial;}.kb-row-layout-id1946_ae9735-6e .kt-row-layout-bottom-sep{height:px;}.kb-row-layout-id1946_ae9735-6e .kt-row-layout-bottom-sep svg{width:%;}}<\/style><div class=\"kb-row-layout-wrap kb-row-layout-id1946_ae9735-6e alignwide wp-block-kadence-rowlayout\"><div class=\"kt-row-column-wrap kt-has-3-columns kt-row-layout-equal kt-tab-layout-inherit kt-mobile-layout-row kt-row-valign-top\">\n<style>.kadence-column1946_d54d4c-67 > .kt-inside-inner-col,.kadence-column1946_d54d4c-67 > .kt-inside-inner-col:before{border-top-left-radius:0px;border-top-right-radius:0px;border-bottom-right-radius:0px;border-bottom-left-radius:0px;}.kadence-column1946_d54d4c-67 > .kt-inside-inner-col{column-gap:var(--global-kb-gap-sm, 1rem);}.kadence-column1946_d54d4c-67 > .kt-inside-inner-col{flex-direction:column;}.kadence-column1946_d54d4c-67 > .kt-inside-inner-col > .aligncenter{width:100%;}.kadence-column1946_d54d4c-67 > .kt-inside-inner-col:before{opacity:0.3;}.kadence-column1946_d54d4c-67{position:relative;}@media all and (max-width: 1024px){.kadence-column1946_d54d4c-67 > .kt-inside-inner-col{flex-direction:column;justify-content:center;}}@media all and (max-width: 767px){.kadence-column1946_d54d4c-67 > .kt-inside-inner-col{flex-direction:column;justify-content:center;}}<\/style>\n<div class=\"wp-block-kadence-column kadence-column1946_d54d4c-67 inner-column-1\"><div class=\"kt-inside-inner-col\">\n<p><strong>Env\u00edanos un correo electr\u00f3nico<\/strong><br>Utilizando el siguiente formulario o en info@wiacom.ai<\/p>\n\n\n\n<p>Ll\u00e1manos <br><a href=\"tel:+44 0740 472 1834\">+44 0740 472 1834<\/a><\/p>\n\n\n\n<p><strong>United Kingdom<\/strong><br>10 Woodward Place, Loughton Lodge<br>Milton Keynes MK8&nbsp;9LG<\/p>\n<\/div><\/div>\n\n\n<style>.kadence-column1946_8dfecb-a7 > .kt-inside-inner-col,.kadence-column1946_8dfecb-a7 > .kt-inside-inner-col:before{border-top-left-radius:0px;border-top-right-radius:0px;border-bottom-right-radius:0px;border-bottom-left-radius:0px;}.kadence-column1946_8dfecb-a7 > .kt-inside-inner-col{column-gap:var(--global-kb-gap-sm, 1rem);}.kadence-column1946_8dfecb-a7 > .kt-inside-inner-col{flex-direction:column;}.kadence-column1946_8dfecb-a7 > .kt-inside-inner-col > .aligncenter{width:100%;}.kadence-column1946_8dfecb-a7 > .kt-inside-inner-col:before{opacity:0.3;}.kadence-column1946_8dfecb-a7{position:relative;}@media all and (max-width: 1024px){.kadence-column1946_8dfecb-a7 > .kt-inside-inner-col{flex-direction:column;justify-content:center;}}@media all and (max-width: 767px){.kadence-column1946_8dfecb-a7 > .kt-inside-inner-col{flex-direction:column;justify-content:center;}}<\/style>\n<div class=\"wp-block-kadence-column kadence-column1946_8dfecb-a7 inner-column-2\"><div class=\"kt-inside-inner-col\">\n<p><strong>Romania<\/strong><br>Office<br><a href=\"tel:+40 721 260 892\">+40 721 260 892<\/a><br>Mihai Eminescu 163, 1st Floor<br>2nd Sector, Bucharest<\/p>\n\n\n\n<p><strong>Australia &amp; New Zealand<\/strong><br>Through local partner<br><a href=\"tel:+64 21 160 5077\">+64 21 160 5077<\/a><\/p>\n<\/div><\/div>\n\n\n<style>.kadence-column1946_26b61c-6d > .kt-inside-inner-col,.kadence-column1946_26b61c-6d > .kt-inside-inner-col:before{border-top-left-radius:0px;border-top-right-radius:0px;border-bottom-right-radius:0px;border-bottom-left-radius:0px;}.kadence-column1946_26b61c-6d > .kt-inside-inner-col{column-gap:var(--global-kb-gap-sm, 1rem);}.kadence-column1946_26b61c-6d > .kt-inside-inner-col{flex-direction:column;}.kadence-column1946_26b61c-6d > .kt-inside-inner-col > .aligncenter{width:100%;}.kadence-column1946_26b61c-6d > .kt-inside-inner-col:before{opacity:0.3;}.kadence-column1946_26b61c-6d{position:relative;}@media all and (max-width: 1024px){.kadence-column1946_26b61c-6d > .kt-inside-inner-col{flex-direction:column;justify-content:center;}}@media all and (max-width: 767px){.kadence-column1946_26b61c-6d > .kt-inside-inner-col{flex-direction:column;justify-content:center;}}<\/style>\n<div class=\"wp-block-kadence-column kadence-column1946_26b61c-6d inner-column-3\"><div class=\"kt-inside-inner-col\"><\/div><\/div>\n\n<\/div><\/div>\n\n<style>.kb-row-layout-id1946_8d7f40-52 > .kt-row-column-wrap{align-content:start;}:where(.kb-row-layout-id1946_8d7f40-52 > .kt-row-column-wrap) > .wp-block-kadence-column{justify-content:start;}.kb-row-layout-id1946_8d7f40-52 > .kt-row-column-wrap{column-gap:var(--global-kb-gap-md, 2rem);row-gap:var(--global-kb-gap-md, 2rem);max-width:1923px;margin-left:auto;margin-right:auto;padding-top:var(--global-kb-spacing-sm, 1.5rem);padding-bottom:var(--global-kb-spacing-sm, 1.5rem);grid-template-columns:repeat(2, minmax(0, 1fr));}.kb-row-layout-id1946_8d7f40-52 > .kt-row-layout-overlay{opacity:0.30;}@media all and (max-width: 1024px){.kb-row-layout-id1946_8d7f40-52 > .kt-row-column-wrap{grid-template-columns:repeat(2, minmax(0, 1fr));}}@media all and (max-width: 767px){.kb-row-layout-id1946_8d7f40-52 > .kt-row-column-wrap{padding-right:30px;padding-left:30px;grid-template-columns:minmax(0, 1fr);}}<\/style><div class=\"kb-row-layout-wrap kb-row-layout-id1946_8d7f40-52 alignwide wp-block-kadence-rowlayout\"><div class=\"kt-row-column-wrap kt-has-2-columns kt-row-layout-equal kt-tab-layout-inherit kt-mobile-layout-row kt-row-valign-top\">\n<style>.kadence-column1946_97d6a9-3c > .kt-inside-inner-col,.kadence-column1946_97d6a9-3c > .kt-inside-inner-col:before{border-top-left-radius:0px;border-top-right-radius:0px;border-bottom-right-radius:0px;border-bottom-left-radius:0px;}.kadence-column1946_97d6a9-3c > .kt-inside-inner-col{column-gap:var(--global-kb-gap-sm, 1rem);}.kadence-column1946_97d6a9-3c > .kt-inside-inner-col{flex-direction:column;}.kadence-column1946_97d6a9-3c > .kt-inside-inner-col > .aligncenter{width:100%;}.kadence-column1946_97d6a9-3c > .kt-inside-inner-col:before{opacity:0.3;}.kadence-column1946_97d6a9-3c{position:relative;}@media all and (max-width: 1024px){.kadence-column1946_97d6a9-3c > .kt-inside-inner-col{flex-direction:column;justify-content:center;}}@media all and (max-width: 767px){.kadence-column1946_97d6a9-3c > .kt-inside-inner-col{flex-direction:column;justify-content:center;}}<\/style>\n<div class=\"wp-block-kadence-column kadence-column1946_97d6a9-3c inner-column-1\"><div class=\"kt-inside-inner-col\">\n<iframe  loading=\"lazy\"  src=\"about:blank\" data-lazy-src=\"https:\/\/www.google.com\/maps\/embed?pb=!1m18!1m12!1m3!1d6909.088382000725!2d-0.7869328!3d52.037988399999996!2m3!1f0!2f0!3f0!3m2!1i1024!2i768!4f13.1!3m3!1m2!1s0x487700130f852133%3A0xf51a10ebaf47887c!2s10%20Woodward%20Pl%2C%20Loughton%20Lodge%2C%20Great%20Holm%2C%20Milton%20Keynes%20MK8%209LG%2C%20Regatul%20Unit!5e1!3m2!1sro!2sus!4v1733648284859!5m2!1sro!2sus\"  width=\"600\" height=\"450\" style=\"border:0;\" allowfullscreen=\"\" width=\"600\" height=\"500\" frameborder=\"0\"><\/iframe>\n<\/div><\/div>\n\n\n<style>.kadence-column1946_42d461-9e > .kt-inside-inner-col,.kadence-column1946_42d461-9e > .kt-inside-inner-col:before{border-top-left-radius:0px;border-top-right-radius:0px;border-bottom-right-radius:0px;border-bottom-left-radius:0px;}.kadence-column1946_42d461-9e > .kt-inside-inner-col{column-gap:var(--global-kb-gap-sm, 1rem);}.kadence-column1946_42d461-9e > .kt-inside-inner-col{flex-direction:column;}.kadence-column1946_42d461-9e > .kt-inside-inner-col > .aligncenter{width:100%;}.kadence-column1946_42d461-9e > .kt-inside-inner-col:before{opacity:0.3;}.kadence-column1946_42d461-9e{position:relative;}@media all and (max-width: 1024px){.kadence-column1946_42d461-9e > .kt-inside-inner-col{flex-direction:column;justify-content:center;}}@media all and (max-width: 767px){.kadence-column1946_42d461-9e > .kt-inside-inner-col{flex-direction:column;justify-content:center;}}<\/style>\n<div class=\"wp-block-kadence-column kadence-column1946_42d461-9e inner-column-2\"><div class=\"kt-inside-inner-col\">\n<head>\n<script charset=\"utf-8\" src=\"\/\/js.hsforms.net\/forms\/current.js\"><\/script>\n<\/head>\n<body>\n<script>\nhbspt.forms.create({\nportalId: \"5136543\",\nformId: \"d4bf5307-aee6-4b82-9ba8-1b3cbc497f33\"\n});\n<\/script>\n<\/body>\n<\/div><\/div>\n\n<\/div><\/div>\n\n<style>.kb-row-layout-id2325_8c2687-89 > .kt-row-column-wrap{align-content:start;}:where(.kb-row-layout-id2325_8c2687-89 > .kt-row-column-wrap) > .wp-block-kadence-column{justify-content:start;}.kb-row-layout-id2325_8c2687-89 > .kt-row-column-wrap{column-gap:var(--global-kb-gap-md, 2rem);row-gap:var(--global-kb-gap-md, 2rem);padding-top:40px;padding-right:60px;padding-bottom:25px;padding-left:60px;}.kb-row-layout-id2325_8c2687-89 > .kt-row-column-wrap > div:not(.added-for-specificity){grid-column:initial;}.kb-row-layout-id2325_8c2687-89 > .kt-row-column-wrap{grid-template-columns:repeat(5, minmax(0, 1fr));}.kb-row-layout-id2325_8c2687-89{background-color:#0c2e4d;}.kb-row-layout-id2325_8c2687-89 > .kt-row-layout-overlay{opacity:0.30;}.kb-row-layout-id2325_8c2687-89 .kt-row-layout-bottom-sep{height:100px;}.kb-row-layout-id2325_8c2687-89 .kt-row-layout-bottom-sep svg{width:100%;}.kb-row-layout-id2325_8c2687-89 .kt-row-layout-bottom-sep svg{fill:#ffffff!important;}@media all and (max-width: 1024px){.kb-row-layout-id2325_8c2687-89 > .kt-row-column-wrap > div:not(.added-for-specificity){grid-column:initial;}}@media all and (max-width: 1024px){.kb-row-layout-id2325_8c2687-89 > .kt-row-column-wrap{grid-template-columns:repeat(5, minmax(0, 1fr));}}@media all and (max-width: 1024px){.kb-row-layout-id2325_8c2687-89 .kt-row-layout-bottom-sep{height:px;}}@media all and (max-width: 1024px){.kb-row-layout-id2325_8c2687-89 .kt-row-layout-bottom-sep svg{width:%;}}@media all and (max-width: 767px){.kb-row-layout-id2325_8c2687-89 > .kt-row-column-wrap{padding-top:50px;padding-right:25px;padding-left:25px;grid-template-columns:minmax(0, 1fr);}.kb-row-layout-id2325_8c2687-89 > .kt-row-column-wrap > div:not(.added-for-specificity){grid-column:initial;}.kb-row-layout-id2325_8c2687-89 .kt-row-layout-bottom-sep{height:px;}.kb-row-layout-id2325_8c2687-89 .kt-row-layout-bottom-sep svg{width:%;}}<\/style><div class=\"kb-row-layout-wrap kb-row-layout-id2325_8c2687-89 alignfull kt-row-has-bg wp-block-kadence-rowlayout\"><div class=\"kt-row-column-wrap kt-has-5-columns kt-row-layout-equal kt-tab-layout-inherit kt-mobile-layout-row kt-row-valign-top\">\n<style>.kadence-column2325_8c312a-24 > .kt-inside-inner-col{padding-right:30px;padding-left:30px;}.kadence-column2325_8c312a-24 > .kt-inside-inner-col,.kadence-column2325_8c312a-24 > .kt-inside-inner-col:before{border-top-left-radius:0px;border-top-right-radius:0px;border-bottom-right-radius:0px;border-bottom-left-radius:0px;}.kadence-column2325_8c312a-24 > .kt-inside-inner-col{column-gap:var(--global-kb-gap-sm, 1rem);}.kadence-column2325_8c312a-24 > .kt-inside-inner-col{flex-direction:column;}.kadence-column2325_8c312a-24 > .kt-inside-inner-col > .aligncenter{width:100%;}.kadence-column2325_8c312a-24 > .kt-inside-inner-col:before{opacity:0.3;}.kadence-column2325_8c312a-24{position:relative;}@media all and (max-width: 1024px){.kadence-column2325_8c312a-24 > .kt-inside-inner-col{flex-direction:column;justify-content:center;}}@media all and (max-width: 767px){.kadence-column2325_8c312a-24 > .kt-inside-inner-col{padding-right:5px;padding-left:5px;flex-direction:column;justify-content:center;}}<\/style>\n<div class=\"wp-block-kadence-column kadence-column2325_8c312a-24 inner-column-1\"><div class=\"kt-inside-inner-col\">\n<p class=\"has-very-light-gray-color has-text-color has-small-font-size\"><img  loading=\"lazy\" decoding=\"async\" width=\"100\" height=\"66\" class=\"wp-image-348\" style=\"width: 100px;\"  src=\"data:image\/gif;base64,R0lGODlhAQABAIAAAAAAAP\/\/\/yH5BAEAAAAALAAAAAABAAEAAAIBRAA7\" data-lazy-src=\"https:\/\/cdn.wiacom.ai\/wp-content\/uploads\/2019\/08\/Wiacom-Logo-white-100.png\"  alt=\"\"><noscript><img  loading=\"lazy\" decoding=\"async\" width=\"100\" height=\"66\" class=\"wp-image-348\" style=\"width: 100px;\"  src=\"https:\/\/cdn.wiacom.ai\/wp-content\/uploads\/2019\/08\/Wiacom-Logo-white-100.png\"  alt=\"\"><\/noscript><\/p>\n\n\n\n<p class=\"has-very-light-gray-color has-text-color has-small-font-size\">US, UK, EU: +44 0740 472 1834<br>AU &amp; NZ : +64 21 160 5077<\/p>\n\n\n\n<p class=\"has-very-light-gray-color has-text-color has-small-font-size\">info@wiacom.ai<br><br>\u00a9 2019 Wiacom <br>Todos los derechos reservados <\/p>\n\n\n\n<p class=\"has-very-light-gray-color has-text-color has-small-font-size\"><a href=\"https:\/\/www.linkedin.com\/company\/freewifi\/\" target=\"_blank\" rel=\"noreferrer noopener nofollow\" aria-label=\"\ufffc (opens in a new tab)\"><img  loading=\"lazy\" decoding=\"async\" width=\"24\" height=\"24\" class=\"wp-image-346\" style=\"width: 24px;\"  src=\"data:image\/gif;base64,R0lGODlhAQABAIAAAAAAAP\/\/\/yH5BAEAAAAALAAAAAABAAEAAAIBRAA7\" data-lazy-src=\"https:\/\/cdn.wiacom.ai\/wp-content\/uploads\/2019\/08\/wifi_marketing_linkedin-wiacom.png\"  alt=\"\"><noscript><img  loading=\"lazy\" decoding=\"async\" width=\"24\" height=\"24\" class=\"wp-image-346\" style=\"width: 24px;\"  src=\"https:\/\/cdn.wiacom.ai\/wp-content\/uploads\/2019\/08\/wifi_marketing_linkedin-wiacom.png\"  alt=\"\"><\/noscript><\/a>  <a href=\"https:\/\/web.facebook.com\/freewifi.ro\" target=\"_blank\" rel=\"noreferrer noopener nofollow\" aria-label=\"\ufffc (opens in a new tab)\"><img  loading=\"lazy\" decoding=\"async\" width=\"24\" height=\"24\" class=\"wp-image-344\" style=\"width: 24px;\"  src=\"data:image\/gif;base64,R0lGODlhAQABAIAAAAAAAP\/\/\/yH5BAEAAAAALAAAAAABAAEAAAIBRAA7\" data-lazy-src=\"https:\/\/cdn.wiacom.ai\/wp-content\/uploads\/2019\/08\/facebook_wifi_marketing-wiacom.png\"  alt=\"\"><noscript><img  loading=\"lazy\" decoding=\"async\" width=\"24\" height=\"24\" class=\"wp-image-344\" style=\"width: 24px;\"  src=\"https:\/\/cdn.wiacom.ai\/wp-content\/uploads\/2019\/08\/facebook_wifi_marketing-wiacom.png\"  alt=\"\"><\/noscript><\/a><\/p>\n<\/div><\/div>\n\n\n<style>.kadence-column2325_4f3fe9-d8 > .kt-inside-inner-col{padding-right:30px;padding-left:30px;}.kadence-column2325_4f3fe9-d8 > .kt-inside-inner-col,.kadence-column2325_4f3fe9-d8 > .kt-inside-inner-col:before{border-top-left-radius:0px;border-top-right-radius:0px;border-bottom-right-radius:0px;border-bottom-left-radius:0px;}.kadence-column2325_4f3fe9-d8 > .kt-inside-inner-col{column-gap:var(--global-kb-gap-sm, 1rem);}.kadence-column2325_4f3fe9-d8 > .kt-inside-inner-col{flex-direction:column;}.kadence-column2325_4f3fe9-d8 > .kt-inside-inner-col > .aligncenter{width:100%;}.kadence-column2325_4f3fe9-d8 > .kt-inside-inner-col:before{opacity:0.3;}.kadence-column2325_4f3fe9-d8{position:relative;}@media all and (max-width: 1024px){.kadence-column2325_4f3fe9-d8 > .kt-inside-inner-col{flex-direction:column;justify-content:center;}}@media all and (max-width: 767px){.kadence-column2325_4f3fe9-d8 > .kt-inside-inner-col{padding-right:5px;padding-left:5px;flex-direction:column;justify-content:center;}}<\/style>\n<div class=\"wp-block-kadence-column kadence-column2325_4f3fe9-d8 inner-column-2\"><div class=\"kt-inside-inner-col\">\n<p class=\"has-vivid-cyan-blue-color has-text-color\"> <strong><a href=\"https:\/\/wiacom.ai\/es\/producto\/\">Producto<\/a><\/strong> <\/p>\n\n\n\n<hr class=\"wp-block-separator has-css-opacity is-style-wide\"\/>\n\n\n\n<p class=\"has-text-color has-small-font-size\" style=\"color:#ffffff\"><a href=\"https:\/\/wiacom.ai\/es\/producto\/wiacom-guest-wi-fi\/\">Guest WiFi<br><\/a><a href=\"https:\/\/wiacom.ai\/es\/producto\/wiacom-analytics\/\">WiFi Analytics<br><\/a><a href=\"https:\/\/wiacom.ai\/es\/producto\/boveda-de-datos-wiacom\/\">B\u00f3veda de Datos<\/a><br><a href=\"https:\/\/wiacom.ai\/es\/producto\/estudio-de-datos-wiacom\/\">Marketing &amp; Compromiso<br><\/a><a href=\"https:\/\/wiacom.ai\/es\/producto\/gdpr-wifi\/\">GDPR WiFi<\/a> <\/p>\n<\/div><\/div>\n\n\n<style>.kadence-column2325_8ee379-1f > .kt-inside-inner-col{padding-right:30px;padding-left:30px;}.kadence-column2325_8ee379-1f > .kt-inside-inner-col,.kadence-column2325_8ee379-1f > .kt-inside-inner-col:before{border-top-left-radius:0px;border-top-right-radius:0px;border-bottom-right-radius:0px;border-bottom-left-radius:0px;}.kadence-column2325_8ee379-1f > .kt-inside-inner-col{column-gap:var(--global-kb-gap-sm, 1rem);}.kadence-column2325_8ee379-1f > .kt-inside-inner-col{flex-direction:column;}.kadence-column2325_8ee379-1f > .kt-inside-inner-col > .aligncenter{width:100%;}.kadence-column2325_8ee379-1f > .kt-inside-inner-col:before{opacity:0.3;}.kadence-column2325_8ee379-1f{position:relative;}@media all and (max-width: 1024px){.kadence-column2325_8ee379-1f > .kt-inside-inner-col{flex-direction:column;justify-content:center;}}@media all and (max-width: 767px){.kadence-column2325_8ee379-1f > .kt-inside-inner-col{padding-right:5px;padding-left:5px;flex-direction:column;justify-content:center;}}<\/style>\n<div class=\"wp-block-kadence-column kadence-column2325_8ee379-1f inner-column-3\"><div class=\"kt-inside-inner-col\">\n<p class=\"has-vivid-cyan-blue-color has-text-color\"> <strong><a href=\"https:\/\/wiacom.ai\/es\/industrias\/\">Industrias<\/a><\/strong> <\/p>\n\n\n\n<hr class=\"wp-block-separator has-css-opacity is-style-wide\"\/>\n\n\n\n<p class=\"has-text-color has-small-font-size\" style=\"color:#ffffff\"><a href=\"https:\/\/wiacom.ai\/es\/industrias\/centros-comerciales\/\">Centros Comerciales<br><\/a><a href=\"https:\/\/wiacom.ai\/es\/industrias\/restaurantes\/\">Restaurantes<\/a><br><a href=\"https:\/\/wiacom.ai\/es\/industrias\/captive-portal-hotels\/\" data-type=\"page\" data-id=\"4146\">Hospitalidad<\/a> <a href=\"https:\/\/wiacom.ai\/es\/industrias\/restaurantes\/\"><br><\/a><a href=\"https:\/\/wiacom.ai\/es\/industrias\/aeropuertos\/\">Aeropuertos<br><\/a><a href=\"https:\/\/wiacom.ai\/es\/industrias\/gran-distribucion-e-hipermercados\/\">Gran distribuci\u00f3n e hipermercados<\/a><br><a href=\"https:\/\/wiacom.ai\/es\/industrias\/banca\/\">Banca<\/a><br><a href=\"https:\/\/wiacom.ai\/es\/industrias\/ciudades-municipios-y-ciudades-inteligentes\/\">Ciudades, Municipios y Ciudades Inteligentes<\/a><br><a href=\"https:\/\/wiacom.ai\/es\/industrias\/cuidado-de-la-salud\/\">Cuidado de la salud<br><\/a><a href=\"https:\/\/wiacom.ai\/es\/industrias\/pymes-y-empresas\/\">PYMES y empresas<br><\/a><a href=\"https:\/\/wiacom.ai\/es\/industrias\/grandes-espacios-publicos\/\">Grandes espacios p\u00fablicos<\/a><\/p>\n<\/div><\/div>\n\n\n<style>.kadence-column2325_fd49e5-14 > .kt-inside-inner-col{padding-right:30px;padding-left:30px;}.kadence-column2325_fd49e5-14 > .kt-inside-inner-col,.kadence-column2325_fd49e5-14 > .kt-inside-inner-col:before{border-top-left-radius:0px;border-top-right-radius:0px;border-bottom-right-radius:0px;border-bottom-left-radius:0px;}.kadence-column2325_fd49e5-14 > .kt-inside-inner-col{column-gap:var(--global-kb-gap-sm, 1rem);}.kadence-column2325_fd49e5-14 > .kt-inside-inner-col{flex-direction:column;}.kadence-column2325_fd49e5-14 > .kt-inside-inner-col > .aligncenter{width:100%;}.kadence-column2325_fd49e5-14 > .kt-inside-inner-col:before{opacity:0.3;}.kadence-column2325_fd49e5-14{position:relative;}@media all and (max-width: 1024px){.kadence-column2325_fd49e5-14 > .kt-inside-inner-col{flex-direction:column;justify-content:center;}}@media all and (max-width: 767px){.kadence-column2325_fd49e5-14 > .kt-inside-inner-col{padding-right:5px;padding-left:5px;flex-direction:column;justify-content:center;}}<\/style>\n<div class=\"wp-block-kadence-column kadence-column2325_fd49e5-14 inner-column-4\"><div class=\"kt-inside-inner-col\">\n<p class=\"has-vivid-cyan-blue-color has-text-color\"> <strong><a href=\"https:\/\/wiacom.ai\/es\/socios\/\">Socios<\/a><\/strong> <\/p>\n\n\n\n<hr class=\"wp-block-separator has-css-opacity is-style-wide\"\/>\n\n\n\n<p class=\"has-text-color has-small-font-size\" style=\"color:#ffffff\"><a href=\"https:\/\/wiacom.ai\/es\/socios\/conviertete-en-socio\/\">Convi\u00e9rtete en socio<br><\/a><a href=\"https:\/\/wiacom.ai\/es\/socios\/encuentra-un-socio-en-tu-region\/\">Encuentra un socio en tu regi\u00f3n<br><\/a><a href=\"https:\/\/wiacom.ai\/es\/socios\/proveedores-wifi\/\">Proveedores WiFi<br><\/a><a href=\"https:\/\/wiacom.ai\/es\/socios\/socios-tecnologicos\/\">Socios Tecnol\u00f3gicos<\/a> <\/p>\n\n\n\n<p class=\"has-vivid-cyan-blue-color has-text-color\"> <strong><a href=\"https:\/\/wiacom.ai\/es\/la-empresa\/\">La Empresa<\/a><\/strong> <\/p>\n\n\n\n<hr class=\"wp-block-separator has-css-opacity is-style-wide\"\/>\n\n\n\n<p class=\"has-text-color has-small-font-size\" style=\"color:#ffffff\"><a href=\"https:\/\/wiacom.ai\/es\/la-empresa\/\">About<\/a><br><a href=\"https:\/\/wiacom.ai\/es\/la-empresa\/vacantes\/\">Vacantes<br><\/a><a href=\"https:\/\/wiacom.ai\/es\/soporte\/\">Soporte<\/a><br><a href=\"https:\/\/wiacom.ai\/es\/contacto\/\">Contacto<\/a> <\/p>\n<\/div><\/div>\n\n\n<style>.kadence-column2325_464e5f-00 > .kt-inside-inner-col{padding-right:30px;padding-left:30px;}.kadence-column2325_464e5f-00 > .kt-inside-inner-col,.kadence-column2325_464e5f-00 > .kt-inside-inner-col:before{border-top-left-radius:0px;border-top-right-radius:0px;border-bottom-right-radius:0px;border-bottom-left-radius:0px;}.kadence-column2325_464e5f-00 > .kt-inside-inner-col{column-gap:var(--global-kb-gap-sm, 1rem);}.kadence-column2325_464e5f-00 > .kt-inside-inner-col{flex-direction:column;}.kadence-column2325_464e5f-00 > .kt-inside-inner-col > .aligncenter{width:100%;}.kadence-column2325_464e5f-00 > .kt-inside-inner-col:before{opacity:0.3;}.kadence-column2325_464e5f-00{position:relative;}@media all and (max-width: 1024px){.kadence-column2325_464e5f-00 > .kt-inside-inner-col{flex-direction:column;justify-content:center;}}@media all and (max-width: 767px){.kadence-column2325_464e5f-00 > .kt-inside-inner-col{padding-right:5px;padding-left:5px;flex-direction:column;justify-content:center;}}<\/style>\n<div class=\"wp-block-kadence-column kadence-column2325_464e5f-00 inner-column-5\"><div class=\"kt-inside-inner-col\">\n<p class=\"has-vivid-cyan-blue-color has-text-color\"><strong><a href=\"https:\/\/wiacom.ai\/\">Legal<\/a><\/strong><\/p>\n\n\n\n<hr class=\"wp-block-separator has-css-opacity is-style-wide\"\/>\n\n\n\n<p class=\"has-text-color has-small-font-size\" style=\"color:#ffffff\"><a href=\"https:\/\/wiacom.ai\/es\/legal\/terminos-y-condiciones\/\">T\u00e9rminos y condiciones<br><\/a><a href=\"https:\/\/wiacom.ai\/es\/legal\/tratamiento-de-datos-personales\/\">Tratamiento de datos personales<\/a><br><a href=\"https:\/\/wiacom.ai\/es\/legal\/cumplimiento-rgpd\/\">Cumplimiento RGPD<br><\/a><a href=\"https:\/\/wiacom.ai\/es\/legal\/codigo-de-conducta-dentro-de-nuestra-empresa\/\">C\u00f3digo de conducta dentro de nuestra empresa<\/a> <\/p>\n<\/div><\/div>\n\n<\/div><\/div>","protected":false},"excerpt":{"rendered":"<p>Env\u00edanos un correo electr\u00f3nicoUtilizando el siguiente formulario o en info@wiacom.ai Ll\u00e1manos +44 0740 472 1834 United Kingdom10 Woodward Place, Loughton LodgeMilton Keynes MK8&nbsp;9LG RomaniaOffice+40 721 260 892Mihai Eminescu 163, 1st Floor2nd Sector, Bucharest Australia &amp; New ZealandThrough local partner+64 21 &hellip; <a class=\"kt-excerpt-readmore more-link\" href=\"https:\/\/wiacom.ai\/es\/contacto\/\" aria-label=\"Contacto\">Leer m\u00e1s<\/a><\/p>\n","protected":false},"author":2,"featured_media":0,"parent":0,"menu_order":0,"comment_status":"closed","ping_status":"closed","template":"","meta":{"content-type":"","kt_blocks_editor_width":"","_kad_blocks_custom_css":"","_kad_blocks_head_custom_js":"","_kad_blocks_body_custom_js":"","_kad_blocks_footer_custom_js":"","footnotes":""},"class_list":["post-1946","page","type-page","status-publish","hentry"],"taxonomy_info":[],"featured_image_src_large":false,"author_info":{"display_name":"Laurentiu Cenusa","author_link":"https:\/\/wiacom.ai\/es\/author\/wiacom\/"},"comment_info":0,"_links":{"self":[{"href":"https:\/\/wiacom.ai\/es\/wp-json\/wp\/v2\/pages\/1946","targetHints":{"allow":["GET"]}}],"collection":[{"href":"https:\/\/wiacom.ai\/es\/wp-json\/wp\/v2\/pages"}],"about":[{"href":"https:\/\/wiacom.ai\/es\/wp-json\/wp\/v2\/types\/page"}],"author":[{"embeddable":true,"href":"https:\/\/wiacom.ai\/es\/wp-json\/wp\/v2\/users\/2"}],"replies":[{"embeddable":true,"href":"https:\/\/wiacom.ai\/es\/wp-json\/wp\/v2\/comments?post=1946"}],"version-history":[{"count":17,"href":"https:\/\/wiacom.ai\/es\/wp-json\/wp\/v2\/pages\/1946\/revisions"}],"predecessor-version":[{"id":4170,"href":"https:\/\/wiacom.ai\/es\/wp-json\/wp\/v2\/pages\/1946\/revisions\/4170"}],"wp:attachment":[{"href":"https:\/\/wiacom.ai\/es\/wp-json\/wp\/v2\/media?parent=1946"}],"curies":[{"name":"wp","href":"https:\/\/api.w.org\/{rel}","templated":true}]}}