{"id":3093,"date":"2020-11-16T14:27:24","date_gmt":"2020-11-16T12:27:24","guid":{"rendered":"https:\/\/wiacom.ai\/?page_id=3093"},"modified":"2020-11-16T14:27:26","modified_gmt":"2020-11-16T12:27:26","slug":"terminos-y-condiciones-del-servicio-lado-del-usuario","status":"publish","type":"page","link":"https:\/\/wiacom.ai\/es\/terminos-y-condiciones-del-servicio-lado-del-usuario\/","title":{"rendered":"T\u00e9rminos y condiciones del servicio: lado del usuario"},"content":{"rendered":"<style>#kt-layout-id_96eeb0-f8 > .kt-row-column-wrap{align-content:start;}:where(#kt-layout-id_96eeb0-f8 > .kt-row-column-wrap) > .wp-block-kadence-column{justify-content:start;}#kt-layout-id_96eeb0-f8 > .kt-row-column-wrap{column-gap:var(--global-kb-gap-md, 2rem);row-gap:var(--global-kb-gap-md, 2rem);padding-top:var( --global-kb-row-default-top, 25px );padding-bottom:var( --global-kb-row-default-bottom, 25px );grid-template-columns:minmax(0, 1fr);}#kt-layout-id_96eeb0-f8 > .kt-row-layout-overlay{opacity:0.30;}@media all and (max-width: 1024px){#kt-layout-id_96eeb0-f8 > .kt-row-column-wrap{grid-template-columns:minmax(0, 1fr);}}@media all and (max-width: 767px){#kt-layout-id_96eeb0-f8 > .kt-row-column-wrap{padding-left:30px;padding-right:30px;grid-template-columns:minmax(0, 1fr);}}<\/style>\n<div class=\"wp-block-kadence-rowlayout alignwide\"><div id=\"kt-layout-id_96eeb0-f8\" class=\"kt-row-layout-inner kt-layout-id_96eeb0-f8\"><div class=\"kt-row-column-wrap kt-has-1-columns kt-gutter-default kt-v-gutter-default kt-row-valign-top kt-row-layout-equal kt-tab-layout-inherit kt-m-colapse-left-to-right kt-mobile-layout-row\"><style>.kadence-column_3226d0-4d > .kt-inside-inner-col{border-top-width:0px;border-right-width:0px;border-bottom-width:0px;border-left-width:0px;}.kadence-column_3226d0-4d > .kt-inside-inner-col,.kadence-column_3226d0-4d > .kt-inside-inner-col:before{border-top-left-radius:0px;border-top-right-radius:0px;border-bottom-right-radius:0px;border-bottom-left-radius:0px;}.kadence-column_3226d0-4d > .kt-inside-inner-col{column-gap:var(--global-kb-gap-sm, 1rem);}.kadence-column_3226d0-4d > .kt-inside-inner-col{flex-direction:column;}.kadence-column_3226d0-4d > .kt-inside-inner-col > .aligncenter{width:100%;}.kadence-column_3226d0-4d > .kt-inside-inner-col:before{opacity:0.3;}.kadence-column_3226d0-4d{position:relative;}@media all and (max-width: 1024px){.kadence-column_3226d0-4d > .kt-inside-inner-col{flex-direction:column;justify-content:center;}}@media all and (max-width: 767px){.kadence-column_3226d0-4d > .kt-inside-inner-col{flex-direction:column;justify-content:center;}}<\/style>\n<div class=\"wp-block-kadence-column inner-column-1 kadence-column_3226d0-4d kadence-column\"><div class=\"kt-inside-inner-col\">\n<p><strong>Este Servicio es para personas que legalmente tienen al menos 16 a\u00f1os de edad. Al utilizar este Servicio, confirma que tiene al menos 16 a\u00f1os.<\/strong><\/p>\n\n\n\n<p>La empresa que ofrece el Servicio en calidad de responsable del tratamiento:<\/p>\n\n\n\n<p>La empresa proveedora del Servicio en calidad de responsable del tratamiento:<br>La empresa FreeWiFi System SRL, con domicilio social en Calea Giulesti 331B, Sector 6, Bucarest, Rumania, inscrita en el Registro Mercantil con el n\u00famero J40 \/ 13953\/2015, y con el N\u00famero de IVA 35228231, en adelante WIACOM.<\/p>\n\n\n\n<p><strong>T\u00e9rminos y definiciones<\/strong><\/p>\n\n\n\n<p><strong>\u00bfQu\u00e9 es HotSpot?<\/strong><br>Hotspot es el \u00e1rea donde el Propietario de la Ubicaci\u00f3n le brinda el Servicio de Comunicaciones Electr\u00f3nicas Wi-Fi (el \u00abServicio\u00bb) a trav\u00e9s de su propia red, y donde existen uno o varios puntos de acceso mediante los cuales se accede al Servicio. Esta \u00e1rea puede ser diferente dependiendo del equipo de acceso entregado a la Compa\u00f1\u00eda, as\u00ed como de la ubicaci\u00f3n de los puntos de acceso en la zona donde se brinda el Servicio.<\/p>\n\n\n\n<p><strong>\u00bfQu\u00e9 son los puntos de acceso? <\/strong>Los puntos de acceso se refieren a piezas de equipo que utiliza el propietario de la ubicaci\u00f3n para proporcionar el servicio de comunicaciones electr\u00f3nicas Wi-Fi en el punto de acceso.<\/p>\n\n\n\n<p><strong>Usuario<br><\/strong>Usted se convertir\u00e1 en Usuario en el momento en que se conecte a Hotspot a trav\u00e9s de un dispositivo compatible para tener acceso a Internet.<\/p>\n\n\n\n<p><strong>Nombre de usuario<br><\/strong>Este es un c\u00f3digo \u00fanico asignado a cada Usuario, que sirve para identificar al Usuario en el Hotspot.<\/p>\n\n\n\n<p><strong>El servicio Wi-Fi (el \u00abServicio\u00bb)<\/strong><br>Se refiere al servicio de comunicaciones electr\u00f3nicas que brinda el Propietario de la Ubicaci\u00f3n al Usuario a trav\u00e9s de la tecnolog\u00eda Wi-Fi.<\/p>\n\n\n\n<p><strong>\u00bfQu\u00e9 es el PIN?<\/strong><\/p>\n\n\n\n<p>Este es el conjunto de caracteres recibido por usted como Usuario, con el prop\u00f3sito de validar y proteger la informaci\u00f3n que ha proporcionado a los controladores y para un uso seguro del Servicio proporcionado por el Propietario de la Ubicaci\u00f3n.<\/p>\n\n\n\n<p><strong>Informaci\u00f3n personal<\/strong><br>Datos personales significa cualquier informaci\u00f3n relacionada con una persona f\u00edsica identificada o identificable (denominada \u00absujeto de datos\u00bb en la legislaci\u00f3n sobre datos personales); una persona f\u00edsica identificable es aquella que puede ser identificada, directa o indirectamente, en particular por referencia a un identificador como un nombre, un n\u00famero de identificaci\u00f3n, datos de ubicaci\u00f3n, un identificador en l\u00ednea o uno o m\u00e1s factores espec\u00edficos de los aspectos f\u00edsicos, fisiol\u00f3gicos, identidad gen\u00e9tica, mental, econ\u00f3mica, cultural o social de esa persona f\u00edsica.<\/p>\n\n\n\n<p><strong>\u00bfQu\u00e9 es un controlador de datos? \u00bfY un procesador de datos?<\/strong><br>\u201cResponsable\u201d significa la persona que, sola o conjuntamente con otros, determina los prop\u00f3sitos y medios del tratamiento de datos personales.<\/p>\n\n\n\n<p>\u00abProcesador de datos\u00bb significa la persona que procesa datos personales en nombre del controlador.<\/p>\n\n\n\n<p><strong>\u00bfQu\u00e9 es el tratamiento de datos personales?<\/strong><br>\u00abProcesamiento\u00bb significa cualquier operaci\u00f3n o conjunto de operaciones que se realiza sobre datos personales o sobre conjuntos de datos personales, ya sea por medios automatizados o no. Procesamiento de datos significa cualquier operaci\u00f3n sobre datos personales relacionados con la recopilaci\u00f3n, registro, organizaci\u00f3n, estructuraci\u00f3n, almacenamiento, adaptaci\u00f3n o alteraci\u00f3n, recuperaci\u00f3n, consulta, uso, divulgaci\u00f3n por transmisi\u00f3n, difusi\u00f3n o puesta a disposici\u00f3n, alineaci\u00f3n o combinaci\u00f3n, restricci\u00f3n, borrado o destrucci\u00f3n. de tales datos.<\/p>\n\n\n\n<p><strong>Uso del servicio<br><\/strong>Para poder utilizar el Servicio WIACOM es necesario que nos proporcione su n\u00famero de tel\u00e9fono m\u00f3vil que ser\u00e1 validado mediante un PIN enviado por SMS. Tambi\u00e9n podr\u00e1 utilizar el Servicio iniciando sesi\u00f3n con una cuenta de Facebook, Instagram, Twitter o LinkedIn.<\/p>\n\n\n\n<p>El nombre de usuario es generado autom\u00e1ticamente por el sistema inform\u00e1tico a trav\u00e9s de un algoritmo que permite la correcta identificaci\u00f3n de un Usuario y la asociaci\u00f3n del terminal utilizado con un n\u00famero de tel\u00e9fono m\u00f3vil o la direcci\u00f3n de correo electr\u00f3nico generada por los datos que el Usuario proporcion\u00f3 voluntariamente a la red social, bajo los T\u00e9rminos y Condiciones que el Usuario acord\u00f3. El n\u00famero de Usuario permite al Propietario de la Ubicaci\u00f3n y \/ o WIACOM realizar campa\u00f1as de comunicaci\u00f3n a trav\u00e9s de SMS y correo electr\u00f3nico solo si acepta recibir comunicaciones de marketing. En caso de que no haya aceptado la comercializaci\u00f3n o haya retirado su consentimiento, a\u00fan puede utilizar el Servicio, sin recibir ninguna comunicaci\u00f3n comercial futura de WIACOM o del Propietario de la ubicaci\u00f3n donde accede al Servicio.<\/p>\n\n\n\n<p>El uso del Servicio no implica ning\u00fan coste para el Usuario, ya que se puede acceder al Servicio de forma gratuita.<\/p>\n\n\n\n<p><strong>Sus obligaciones como usuario<\/strong><\/p>\n\n\n\n<p>Utilice la red inal\u00e1mbrica de Internet proporcionada por el propietario de la ubicaci\u00f3n donde accede al servicio de una manera adecuada, correcta y legal. En caso de que no cumpla con esta regla, le informamos que puede ser responsable de cualquier p\u00e9rdida sufrida. Debe utilizar el Servicio de conformidad con todas las disposiciones legales y sin perjudicar, restringir o afectar los derechos de cualquier tercero. Al utilizar el Servicio, usted da su consentimiento para el procesamiento de sus datos personales, proporcionados por usted voluntaria o involuntariamente (dominios de tr\u00e1fico y tipos de tr\u00e1fico), bajo los t\u00e9rminos del presente, y a la divulgaci\u00f3n de sus datos a terceros solo bajo la ley y en virtud del contrato de comunicaci\u00f3n comercial en caso de que haya aceptado el tratamiento de sus datos con fines de marketing. Al utilizar el Servicio, usted comprende, acepta y asume que su acceso a este Servicio puede ser bloqueado, suspendido o prohibido por el propietario de la ubicaci\u00f3n o por WIACOM. Tambi\u00e9n es importante que comprenda, acepte y asuma que el Propietario de la Ubicaci\u00f3n no garantiza la seguridad ni la protecci\u00f3n de su terminal m\u00f3vil.<\/p>\n\n\n\n<p><strong>\u00bfQu\u00e9 datos personales se procesar\u00e1n para utilizar el Servicio?<\/strong><\/p>\n\n\n\n<p>Despu\u00e9s de iniciar sesi\u00f3n con el n\u00famero de tel\u00e9fono m\u00f3vil o la cuenta de usuario de una red social, se considera que ha aceptado los T\u00e9rminos de uso del Servicio Wi-Fi.<\/p>\n\n\n\n<p>La informaci\u00f3n que procesamos despu\u00e9s de su aceptaci\u00f3n de los T\u00e9rminos de uso del Servicio puede ser:<\/p>\n\n\n\n<p>1.1. Si opta por utilizar el Servicio WIACOM conect\u00e1ndose a una red social (Facebook, Instagram, Twitter y Linked In), los datos que recopilamos se refieren a la informaci\u00f3n de la cuenta que proporcion\u00f3 voluntariamente a la red social, seg\u00fan los T\u00e9rminos y Condiciones aceptados por usted en el momento de registrarse: su edad, cumplea\u00f1os, direcci\u00f3n de correo electr\u00f3nico, sexo y pueblo \/ ciudad.<\/p>\n\n\n\n<p>1.2. Si opta por utilizar el Servicio WiFi iniciando sesi\u00f3n con su n\u00famero de tel\u00e9fono, procesaremos este dato personal, que proporcion\u00f3 voluntariamente cuando accedi\u00f3 al Servicio.<\/p>\n\n\n\n<p>1.3. Los dominios de tr\u00e1fico y los tipos de tr\u00e1fico (p\u00e1ginas web a las que accede) para determinar su perfil de usuario. NO recopilamos informaci\u00f3n financiera ni ning\u00fan tipo de contrase\u00f1as.<\/p>\n\n\n\n<p>1.4. Informaci\u00f3n sobre el terminal que utiliza para iniciar sesi\u00f3n (tel\u00e9fono m\u00f3vil, tableta, computadora): marca, modelo, versi\u00f3n del navegador, direcci\u00f3n MAC y fecha \/ hora en que accede a la red WIACOM.<\/p>\n\n\n\n<p>Al utilizar el Servicio, usted acepta de manera expresa e inequ\u00edvoca el procesamiento de sus datos personales, incluidos los datos que sirven como medio de identificaci\u00f3n, para fines estrictamente relacionados con la prestaci\u00f3n del Servicio y en el marco de la relaci\u00f3n entre el Propietario de la Ubicaci\u00f3n y \/ o WIACOM y las autoridades competentes. En caso de que haya dado su consentimiento para la comunicaci\u00f3n comercial de acuerdo con nuestra Pol\u00edtica de Marketing, el Propietario de la Ubicaci\u00f3n y WIACOM tienen derecho a utilizar sus datos personales con el fin de realizar actividades de marketing o para determinar el comportamiento de consumo del Usuario. Puede retirar su consentimiento para comunicaciones comerciales en cualquier momento. Lea atentamente nuestra Pol\u00edtica de marketing, donde detallamos todos los aspectos relacionados con el procesamiento de datos con fines de marketing.<\/p>\n\n\n\n<p><strong>Obligaciones del propietario de la ubicaci\u00f3n y de WIACOM<br><\/strong>El propietario de la ubicaci\u00f3n y WIACOM est\u00e1n haciendo todos los esfuerzos razonables para garantizar la mejor calidad del Servicio prestado.<\/p>\n\n\n\n<p>El Propietario de la Ubicaci\u00f3n y WIACOM no se hacen responsables de cualquier incumplimiento por parte del Usuario de las regulaciones aplicables con respecto a c\u00f3mo se usa el Servicio, el prop\u00f3sito para el cual se usa el Servicio o el contenido transmitido, almacenado, mostrado o que est\u00e1, en cualquier forma, sujeta a una operaci\u00f3n realizada con la ayuda de oa trav\u00e9s del Servicio.<\/p>\n\n\n\n<p>La calidad del Servicio puede verse afectada por algunos factores particulares fuera del control del Propietario de la Ubicaci\u00f3n y de WIACOM. El Propietario de la Ubicaci\u00f3n y WIACOM no son responsables de ninguna p\u00e9rdida o da\u00f1o de cualquier tipo causado al Usuario por la falta de acceso al Servicio o por la prestaci\u00f3n del Servicio con par\u00e1metros de calidad inapropiados causados por factores fuera del control del Propietario. de la Ubicaci\u00f3n y de WIACOM (por ejemplo: actos de terceros, uso de equipos t\u00e9cnicamente inadecuados, etc.).<\/p>\n\n\n\n<p>El Propietario de la Ubicaci\u00f3n y WIACOM no son responsables de ning\u00fan tipo de perjuicio sufrido por el Usuario en relaci\u00f3n con el Servicio.<\/p>\n\n\n\n<p>El Propietario de la Ubicaci\u00f3n le informa que, para la prestaci\u00f3n del Servicio, el Propietario de la Ubicaci\u00f3n coopera o puede cooperar con varios tipos de proveedores que pueden tener acceso a datos personales basados exclusivamente en acuerdos de procesamiento de datos, de la siguiente manera: WIACOM (controlador de datos) , Proveedor de notificaciones por SMS (procesador de datos), proveedor de marketing por correo electr\u00f3nico (procesador de datos), proveedor de Internet (procesador de datos) y proveedor de electricidad (procesador de datos).<\/p>\n\n\n\n<p>El Titular de la Ubicaci\u00f3n y WIACOM, de acuerdo con la legislaci\u00f3n nacional y europea, incluido el Reglamento (UE) 679\/2016 sobre la protecci\u00f3n de las personas f\u00edsicas en lo que respecta al tratamiento de datos personales y a la libre circulaci\u00f3n de dichos datos, y que deroga la Directiva 95\/46 \/ CE (Reglamento General de Protecci\u00f3n de Datos), respeta el derecho de todo Usuario a la protecci\u00f3n de su vida privada. Esta obligaci\u00f3n no se aplica a la informaci\u00f3n revelada intencionalmente por el Usuario a un tercero.<\/p>\n\n\n\n<p>Los datos personales del Usuario se procesan (incluido su almacenamiento) solo en el territorio de los Estados miembros de la UE.<\/p>\n\n\n\n<p>El Propietario de la Ubicaci\u00f3n y WIACOM reconocen la importancia de cumplir con todas las disposiciones legales relativas a la seguridad de los datos personales y han tomado todas las medidas necesarias para tal fin, utilizando los m\u00e9todos adecuados para garantizar el mayor grado de seguridad posible, y asumiendo la responsabilidad. para implementar las medidas t\u00e9cnicas y organizativas adecuadas con respecto a la protecci\u00f3n de la privacidad y seguridad de los datos personales.<\/p>\n\n\n\n<p>En caso de que el Propietario de la Ubicaci\u00f3n o WIACOM se enfrenten a un ciberataque que resulte en una fuga de datos personales de los usuarios, tienen la obligaci\u00f3n de informar a la Autoridad Nacional de Supervisi\u00f3n para el Tratamiento de Datos Personales dentro de las 72 horas. Cualquier vulneraci\u00f3n de los derechos y libertades fundamentales de una persona, susceptible de generar alg\u00fan perjuicio significativo, ser\u00e1 comunicada a la Autoridad Nacional de Control del Tratamiento de Datos Personales y, en su caso, a la persona que resulte o pueda resultar perjudicada por la vulneraci\u00f3n de la seguridad.<\/p>\n\n\n\n<p><strong>Tratamiento de datos por parte del responsable del tratamiento (finalidad y fundamento jur\u00eddico)<\/strong><\/p>\n\n\n\n<p>WIACOM procesa los datos personales proporcionados para los siguientes fines y fundamentos legales:<\/p>\n\n\n\n<ul class=\"wp-block-list\"><li><strong>Motivos leg\u00edtimos: <\/strong>podemos procesar datos personales por motivos leg\u00edtimos cuando, de acuerdo con nuestra evaluaci\u00f3n, consideramos que el procesamiento es justo, razonable y proporcionado al prop\u00f3sito del procesamiento;<\/li><li><strong>Obligaci\u00f3n legal: <\/strong>podemos procesar datos personales para cumplir con nuestras obligaciones legales como entidad legal;<\/li><li><strong>Consentimiento:<\/strong> Podemos procesar datos personales sobre la base de su consentimiento libre y no corrupto cuando nos proporciona los datos, por ejemplo, cuando acepta las actividades de marketing y para colocar cookies utilizadas con fines de marketing.<\/li><\/ul>\n\n\n\n<p><strong>\u00bfPor qu\u00e9 necesitamos datos personales?<\/strong><\/p>\n\n\n\n<p>Procesamos datos personales de forma transparente para los siguientes prop\u00f3sitos:<\/p>\n\n\n\n<ul class=\"wp-block-list\"><li>para proporcionar nuestros Servicios;<\/li><li>comunicar al propietario de la ubicaci\u00f3n la oferta y promocionar sus productos y eventos;<\/li><li>para evaluar y mejorar el sitio web, nuestros servicios y nuestra relaci\u00f3n con los usuarios del sitio.<\/li><\/ul>\n\n\n\n<p><strong>\u00bfCu\u00e1nto tiempo se conservan sus datos personales?<\/strong><\/p>\n\n\n\n<p>Los datos personales proporcionados voluntariamente por el Usuario se conservar\u00e1n durante un per\u00edodo de 5 a\u00f1os. Para los datos procesados con fines de marketing, se aplicar\u00e1 el per\u00edodo de retenci\u00f3n previsto en la Pol\u00edtica de marketing. WIACOM ha implementado, junto con los propietarios de las ubicaciones donde est\u00e1 disponible el Servicio, medidas t\u00e9cnicas y organizativas para garantizar la privacidad y seguridad de los datos.<\/p>\n\n\n\n<p><strong>\u00bfComunicamos datos personales a terceros?<\/strong><\/p>\n\n\n\n<p>Podemos comunicar los datos personales recopilados a terceros para mejorar la calidad de nuestros servicios o para beneficiarnos de la ayuda de algunos especialistas en el cumplimiento de algunas de nuestras obligaciones en virtud de la legislaci\u00f3n espec\u00edfica en un campo en particular o de acuerdo con los acuerdos en curso.<\/p>\n\n\n\n<p>Sus datos pueden enviarse a socios que brindan nuestros servicios de marketing, administraci\u00f3n y mantenimiento del sitio web.<\/p>\n\n\n\n<p>Estos terceros tambi\u00e9n tienen obligaciones similares a las nuestras con respecto a la protecci\u00f3n de datos personales, ya sean controladores de datos personales o personas autorizadas que procesan los datos en nuestro nombre.<\/p>\n\n\n\n<p>Nos aseguramos constantemente de que nuestros socios tengan garant\u00edas suficientes para implementar las medidas t\u00e9cnicas y organizativas adecuadas para que el procesamiento de sus datos personales cumpla con todos los requisitos legales.<\/p>\n\n\n\n<p>Los datos personales antes mencionados pueden estar disponibles o transmitidos a terceros y en las siguientes situaciones: (i) autoridades p\u00fablicas, auditores o instituciones competentes para realizar inspecciones y controles de nuestra actividad, solicit\u00e1ndonos informaci\u00f3n, en virtud de obligaciones legales; (ii) para cumplir con un requisito legal o para proteger nuestros derechos y activos.<\/p>\n\n\n\n<p><strong>\u00bfTransferimos datos personales fuera de la Uni\u00f3n Europea?<\/strong><\/p>\n\n\n\n<p>Con el fin de facilitar nuestras operaciones globales y de acuerdo con la legislaci\u00f3n aplicable, podr\u00edamos transferir o, en su caso, permitir el acceso a nuestros socios de varios estados, incluido Estados Unidos, seg\u00fan lo determine la Pol\u00edtica de Cookies.<\/p>\n\n\n\n<p>Cada transferencia est\u00e1 sujeta a reglas espec\u00edficas y adecuadas para garantizar la protecci\u00f3n de los datos personales.<\/p>\n\n\n\n<p><strong>Derechos del usuario<\/strong><\/p>\n\n\n\n<p>En cumplimiento de las disposiciones legales vigentes en el \u00e1rea de protecci\u00f3n de datos personales, WIACOM, junto con los socios de las ubicaciones y otros procesadores a los que se divulgan los datos, aseguran el cumplimiento de los siguientes derechos de los usuarios como sujetos de datos:<\/p>\n\n\n\n<p>El derecho de acceso significa el derecho de un interesado a obtener una confirmaci\u00f3n del Titular de la Ubicaci\u00f3n y de WIACOM sobre si los datos personales de la persona interesada se procesan o no y, si lo son, para obtener acceso a los mismos. datos e informaci\u00f3n sobre c\u00f3mo se procesan los datos.<\/p>\n\n\n\n<p>El derecho a la portabilidad de los datos significa el derecho a recibir datos personales en un formato estructurado, utilizado actualmente y legible por m\u00e1quina, y el derecho a enviar estos datos directamente a otro controlador, pero solo si esto es t\u00e9cnicamente factible.<\/p>\n\n\n\n<p>El derecho de oposici\u00f3n se refiere al derecho de un usuario o cliente del sitio web a oponerse al procesamiento de sus datos personales, a menos que el procesamiento sea necesario para llevar a cabo una tarea que sirva al inter\u00e9s p\u00fablico o el controlador tenga un motivo leg\u00edtimo para el procesamiento. El derecho a oponerse al procesamiento de sus datos personales se reconoce particularmente a los usuarios que dieron su consentimiento a la comunicaci\u00f3n comercial.<\/p>\n\n\n\n<p>El derecho de rectificaci\u00f3n se refiere a la correcci\u00f3n, sin demora indebida, de datos personales inexactos.<\/p>\n\n\n\n<p>El derecho al borrado de los datos (\u00abderecho al olvido\u00bb) significa el derecho de un interesado a solicitar que se borren sus datos personales, sin demora indebida, cuando se aplique uno de los siguientes motivos: los datos ya no son necesarios para los fines para los que fueron recopilados o procesados; la persona interesada decide retirar su consentimiento y no existe otro fundamento legal para el procesamiento (por ejemplo, una obligaci\u00f3n legal para el controlador); la persona en cuesti\u00f3n se opone al procesamiento y no existen otros motivos leg\u00edtimos imperiosos; los datos personales han sido procesados ilegalmente; los datos personales deben borrarse para el cumplimiento de una obligaci\u00f3n legal; los datos personales se han recopilado en relaci\u00f3n con la oferta de servicios de la sociedad de la informaci\u00f3n.<\/p>\n\n\n\n<p>El derecho a la restricci\u00f3n del procesamiento puede ejercerse en caso de que se impugne la exactitud de los datos personales, durante un per\u00edodo que permita verificar la exactitud de los datos; el tratamiento es il\u00edcito y el interesado se opone al borrado de los datos personales, solicitando su limitaci\u00f3n; en caso de que el Titular de la Ubicaci\u00f3n y \/ o WIACOM ya no necesite los datos personales para el tratamiento de los mismos, pero el interesado los requiera para el establecimiento, ejercicio o defensa de una reclamaci\u00f3n legal; en caso de que la persona se opusiera al procesamiento durante el per\u00edodo de verificaci\u00f3n de si los motivos leg\u00edtimos del Propietario de la Ubicaci\u00f3n y \/ o WIACOM prevalecen sobre los del interesado.<\/p>\n\n\n\n<p>El derecho a presentar una queja ante la autoridad supervisora: la Autoridad Nacional de Supervisi\u00f3n para el Tratamiento de Datos Personales, ubicada en Blvd. G-ral. Gheorghe Magheru, no. 28-30, Distrito 1, c\u00f3digo postal 010336, Bucarest, Rumania o por correo electr\u00f3nico a <a href=\"mailto:anspdcp@dataprotection.ro\" class=\"rank-math-link\">anspdcp@dataprotection.ro<\/a><\/p>\n\n\n\n<p>Para el ejercicio de los derechos presentados anteriormente, WIACOM pone a disposici\u00f3n de cualquier interesado el portal https:\/\/my.WIACOM.ro. Tambi\u00e9n reconocemos el derecho de todo usuario a dirigirse al Proveedor de Servicios en relaci\u00f3n con el ejercicio de cualquier derecho con una solicitud por escrito, fechada y firmada, enviada a la direcci\u00f3n de correo electr\u00f3nico: <a href=\"mailto:gdpr@wiacom.ai\" class=\"rank-math-link\">gdpr@wiacom.ai<\/a><\/p>\n\n\n\n<p><strong>Seguridad de los datos personales<\/strong><\/p>\n\n\n\n<p>Hemos adoptado procedimientos t\u00e9cnicos de seguridad para proteger los datos personales contra p\u00e9rdida, uso no autorizado, destrucci\u00f3n o alteraci\u00f3n. Nos aseguramos de que el acceso a los datos personales sea limitado y autorizado solo para aquellos que tienen derecho a utilizarlos. Estas personas tienen la obligaci\u00f3n de garantizar la confidencialidad de los datos.<\/p>\n<\/div><\/div>\n<\/div><\/div><\/div>\n","protected":false},"excerpt":{"rendered":"<p>Este Servicio es para personas que legalmente tienen al menos 16 a\u00f1os de edad. Al utilizar este Servicio, confirma que tiene al menos 16 a\u00f1os. La empresa que ofrece el Servicio en calidad de responsable del tratamiento: La empresa proveedora &hellip; <a class=\"kt-excerpt-readmore more-link\" href=\"https:\/\/wiacom.ai\/es\/terminos-y-condiciones-del-servicio-lado-del-usuario\/\" aria-label=\"T\u00e9rminos y condiciones del servicio: lado del usuario\">Leer m\u00e1s<\/a><\/p>\n","protected":false},"author":2,"featured_media":0,"parent":0,"menu_order":0,"comment_status":"closed","ping_status":"closed","template":"","meta":{"content-type":"","kt_blocks_editor_width":"","_kad_blocks_custom_css":"","_kad_blocks_head_custom_js":"","_kad_blocks_body_custom_js":"","_kad_blocks_footer_custom_js":"","footnotes":""},"class_list":["post-3093","page","type-page","status-publish","hentry"],"taxonomy_info":[],"featured_image_src_large":false,"author_info":{"display_name":"Laurentiu Cenusa","author_link":"https:\/\/wiacom.ai\/es\/author\/wiacom\/"},"comment_info":0,"_links":{"self":[{"href":"https:\/\/wiacom.ai\/es\/wp-json\/wp\/v2\/pages\/3093","targetHints":{"allow":["GET"]}}],"collection":[{"href":"https:\/\/wiacom.ai\/es\/wp-json\/wp\/v2\/pages"}],"about":[{"href":"https:\/\/wiacom.ai\/es\/wp-json\/wp\/v2\/types\/page"}],"author":[{"embeddable":true,"href":"https:\/\/wiacom.ai\/es\/wp-json\/wp\/v2\/users\/2"}],"replies":[{"embeddable":true,"href":"https:\/\/wiacom.ai\/es\/wp-json\/wp\/v2\/comments?post=3093"}],"version-history":[{"count":1,"href":"https:\/\/wiacom.ai\/es\/wp-json\/wp\/v2\/pages\/3093\/revisions"}],"predecessor-version":[{"id":3094,"href":"https:\/\/wiacom.ai\/es\/wp-json\/wp\/v2\/pages\/3093\/revisions\/3094"}],"wp:attachment":[{"href":"https:\/\/wiacom.ai\/es\/wp-json\/wp\/v2\/media?parent=3093"}],"curies":[{"name":"wp","href":"https:\/\/api.w.org\/{rel}","templated":true}]}}