{"id":3095,"date":"2020-11-16T14:29:28","date_gmt":"2020-11-16T12:29:28","guid":{"rendered":"https:\/\/wiacom.ai\/?page_id=3095"},"modified":"2020-11-16T14:29:30","modified_gmt":"2020-11-16T12:29:30","slug":"politica-de-privacidad-y-marketing","status":"publish","type":"page","link":"https:\/\/wiacom.ai\/es\/politica-de-privacidad-y-marketing\/","title":{"rendered":"Pol\u00edtica de privacidad y marketing"},"content":{"rendered":"\n<p><br><\/p>\n\n\n\n<p><strong>Como Usuario de este Servicio, debe tener al menos 16 a\u00f1os.<\/strong><\/p>\n\n\n\n<p><strong>El propietario de la ubicaci\u00f3n que visita puede utilizar sus datos personales para enviar mensajes de marketing a trav\u00e9s de SMS y correo electr\u00f3nico.<\/strong><\/p>\n\n\n\n<p><strong>Nuestra politica de privacidad<\/strong><\/p>\n\n\n\n<p>La informaci\u00f3n que recopilamos y procesamos seg\u00fan el acuerdo de marketing proporcionado para una ubicaci\u00f3n en particular:<\/p>\n\n\n\n<ul class=\"wp-block-list\"><li>Informaci\u00f3n que recopilamos en el proceso de inicio de sesi\u00f3n: los datos de la cuenta de la red social (Facebook, Instagram, Twitter y Linked In), es decir, edad, fecha de nacimiento, direcci\u00f3n de correo electr\u00f3nico, sexo y ciudad \/ pueblo, y el n\u00famero de tel\u00e9fono, que cada Usuario del Servicio proporcionado voluntariamente.<\/li><li>Las p\u00e1ginas a las que accede para determinar su perfil de usuario. NO recopilamos informaci\u00f3n financiera ni ning\u00fan tipo de contrase\u00f1as.<\/li><li>Informaci\u00f3n sobre el terminal que utilizas al iniciar sesi\u00f3n (tel\u00e9fono m\u00f3vil, tablet, ordenador): marca, modelo, versi\u00f3n del navegador, direcci\u00f3n MAC y fecha \/ hora en la que accedes a la red Wi-Fi.<\/li><\/ul>\n\n\n\n<p><strong>Galletas<\/strong><\/p>\n\n\n\n<p>Utilizamos cookies, que nos permiten identificar el terminal utilizado por usted y Google Analytics. Las cookies utilizadas por WIACOM no requieren ning\u00fan dato personal del usuario y en la mayor\u00eda de los casos no identifican a los visitantes. La informaci\u00f3n recopilada por las cookies son las que se utilizan estrictamente para proporcionar algunas funcionalidades, como el funcionamiento del mecanismo de inicio de sesi\u00f3n, y el sistema utilizado para cifrar esta informaci\u00f3n imposibilita su decodificaci\u00f3n y procesamiento por parte de terceros sin autorizaci\u00f3n.<\/p>\n\n\n\n<p><strong>Almacenamiento de datos<\/strong><\/p>\n\n\n\n<p>Sus datos respecto de los cuales dio su consentimiento para fines de marketing se guardan en un medio privado seguro de acuerdo con la legislaci\u00f3n nacional y europea vigente en el \u00e1rea de protecci\u00f3n de datos personales. WIACOM ha implementado, junto con los socios de ubicaciones, medidas t\u00e9cnicas y organizativas para garantizar la privacidad y seguridad de los datos. Los datos se conservar\u00e1n en los sistemas WIACOM por un per\u00edodo de cinco a\u00f1os a partir del momento de la recolecci\u00f3n de datos. WIACOM requiere que los propietarios de las ubicaciones cumplan con el per\u00edodo de retenci\u00f3n establecido en esta pol\u00edtica, haciendo todos los esfuerzos necesarios para ello.<\/p>\n\n\n\n<p><strong>C\u00f3mo se utilizar\u00e1n sus datos<\/strong><\/p>\n\n\n\n<p>Los datos recopilados pueden ser utilizados por WIACOM y el propietario de la ubicaci\u00f3n para el prop\u00f3sito declarado. Este principio se aplica a todas las ubicaciones, por lo que cada vez que acceda a WIACOM en una nueva ubicaci\u00f3n, se solicitar\u00e1 su consentimiento con fines de marketing para esa ubicaci\u00f3n. Si no da su consentimiento para una ubicaci\u00f3n en particular, esto no afectar\u00e1 su consentimiento otorgado para otra ubicaci\u00f3n. Puede retirar su consentimiento otorgado con fines de marketing para cualquier ubicaci\u00f3n accediendo al portal https:\/\/up.wiacom.ai.<\/p>\n\n\n\n<p>Los datos recopilados por WIACOM pueden ponerse a disposici\u00f3n de las autoridades competentes con el fin de cumplir con nuestras obligaciones legales de proporcionar dichos datos. Los derechos previstos en las Condiciones de uso del Servicio tambi\u00e9n se aplican a los datos personales procesados con fines de marketing, y se aplican las mismas condiciones para su ejercicio.<\/p>\n\n\n\n<p>Teniendo en cuenta el prop\u00f3sito de marketing en funci\u00f3n del cual se procesan sus datos personales, principalmente tiene derecho a oponerse al procesamiento.<\/p>\n\n\n\n<p>Puede retirar su consentimiento otorgado con fines de marketing en cualquier momento accediendo a su cuenta de usuario en <a href=\"https:\/\/up.wiacom.ai\" class=\"rank-math-link\">https:\/\/up.wiacom.ai<\/a>. En caso de que necesite m\u00e1s detalles, puede utilizar los datos de contacto de la ubicaci\u00f3n: \u201cN\u00famero de tel\u00e9fono\u201d y \u201cCorreo electr\u00f3nico\u201d.<\/p>\n\n\n\n<p>La negativa por parte del Usuario del procesamiento de sus datos personales (n\u00famero de tel\u00e9fono m\u00f3vil y correo electr\u00f3nico) con fines de marketing directo no equivale a una interdicci\u00f3n del derecho a proporcionar el Servicio. El Usuario tiene derecho a utilizar el Servicio puesto a disposici\u00f3n por la Compa\u00f1\u00eda incluso si el Usuario no ha dado su consentimiento para la comunicaci\u00f3n comercial, pero solo despu\u00e9s de haber aceptado los T\u00e9rminos de Uso del Servicio.<\/p>\n","protected":false},"excerpt":{"rendered":"<p>Como Usuario de este Servicio, debe tener al menos 16 a\u00f1os. El propietario de la ubicaci\u00f3n que visita puede utilizar sus datos personales para enviar mensajes de marketing a trav\u00e9s de SMS y correo electr\u00f3nico. Nuestra politica de privacidad La &hellip; <a class=\"kt-excerpt-readmore more-link\" href=\"https:\/\/wiacom.ai\/es\/politica-de-privacidad-y-marketing\/\" aria-label=\"Pol\u00edtica de privacidad y marketing\">Leer m\u00e1s<\/a><\/p>\n","protected":false},"author":2,"featured_media":0,"parent":0,"menu_order":0,"comment_status":"closed","ping_status":"closed","template":"","meta":{"content-type":"","kt_blocks_editor_width":"","_kad_blocks_custom_css":"","_kad_blocks_head_custom_js":"","_kad_blocks_body_custom_js":"","_kad_blocks_footer_custom_js":"","footnotes":""},"class_list":["post-3095","page","type-page","status-publish","hentry"],"taxonomy_info":[],"featured_image_src_large":false,"author_info":{"display_name":"Laurentiu Cenusa","author_link":"https:\/\/wiacom.ai\/es\/author\/wiacom\/"},"comment_info":0,"_links":{"self":[{"href":"https:\/\/wiacom.ai\/es\/wp-json\/wp\/v2\/pages\/3095","targetHints":{"allow":["GET"]}}],"collection":[{"href":"https:\/\/wiacom.ai\/es\/wp-json\/wp\/v2\/pages"}],"about":[{"href":"https:\/\/wiacom.ai\/es\/wp-json\/wp\/v2\/types\/page"}],"author":[{"embeddable":true,"href":"https:\/\/wiacom.ai\/es\/wp-json\/wp\/v2\/users\/2"}],"replies":[{"embeddable":true,"href":"https:\/\/wiacom.ai\/es\/wp-json\/wp\/v2\/comments?post=3095"}],"version-history":[{"count":1,"href":"https:\/\/wiacom.ai\/es\/wp-json\/wp\/v2\/pages\/3095\/revisions"}],"predecessor-version":[{"id":3096,"href":"https:\/\/wiacom.ai\/es\/wp-json\/wp\/v2\/pages\/3095\/revisions\/3096"}],"wp:attachment":[{"href":"https:\/\/wiacom.ai\/es\/wp-json\/wp\/v2\/media?parent=3095"}],"curies":[{"name":"wp","href":"https:\/\/api.w.org\/{rel}","templated":true}]}}