{"id":3358,"date":"2020-12-08T23:16:51","date_gmt":"2020-12-08T21:16:51","guid":{"rendered":"https:\/\/wiacom.ai\/?page_id=3358"},"modified":"2020-12-09T12:59:21","modified_gmt":"2020-12-09T10:59:21","slug":"politique-de-marketing-et-de-confidentialite","status":"publish","type":"page","link":"https:\/\/wiacom.ai\/fr\/politique-de-marketing-et-de-confidentialite\/","title":{"rendered":"Politique de marketing et de confidentialit\u00e9"},"content":{"rendered":"\n<p><br><\/p>\n\n\n\n<p><strong>En tant qu&rsquo;utilisateur de ce service, vous devez \u00eatre \u00e2g\u00e9 d&rsquo;au moins 16 ans.<\/strong><\/p>\n\n\n\n<p><strong>Vos donn\u00e9es personnelles peuvent \u00eatre utilis\u00e9es par le propri\u00e9taire du lieu que vous visitez pour des messages marketing par SMS et e-mail.<\/strong><\/p>\n\n\n\n<p><strong>Notre politique de confidentialit\u00e9<\/strong><\/p>\n\n\n\n<p>Les informations que nous collectons et traitons sur la base de l&rsquo;accord marketing fourni pour un emplacement particulier:<\/p>\n\n\n\n<ul class=\"wp-block-list\"><li>Informations que nous collectons lors du processus de connexion: les donn\u00e9es du compte de r\u00e9seau social (Facebook, Instagram, Twitter et Linked In), c&rsquo;est-\u00e0-dire l&rsquo;\u00e2ge, la date de naissance, l&rsquo;adresse e-mail, le sexe et la ville \/ ville, et le num\u00e9ro de t\u00e9l\u00e9phone que chaque utilisateur du Service volontairement fourni.<\/li><li>Les pages auxquelles vous acc\u00e9dez afin de d\u00e9terminer votre profil d&rsquo;utilisateur. Nous ne collectons PAS d&rsquo;informations financi\u00e8res ni aucun type de mot de passe.<\/li><li>Informations sur le terminal que vous utilisez lors de votre connexion (t\u00e9l\u00e9phone portable, tablette, ordinateur): marque, mod\u00e8le, version du navigateur, adresse MAC et date \/ heure d&rsquo;acc\u00e8s au r\u00e9seau Wi-Fi.<\/li><\/ul>\n\n\n\n<p><strong>Biscuits<\/strong><\/p>\n\n\n\n<p>Nous utilisons des cookies, qui nous permettent d&rsquo;identifier le terminal que vous utilisez et Google Analytics. Les cookies utilis\u00e9s par WIACOM ne n\u00e9cessitent aucune donn\u00e9e personnelle de l&rsquo;utilisateur et dans la plupart des cas, ils n&rsquo;identifient pas les visiteurs. Les informations collect\u00e9es par les cookies sont celles strictement utilis\u00e9es afin de fournir certaines fonctionnalit\u00e9s, telles que la performance du m\u00e9canisme de connexion, et le syst\u00e8me utilis\u00e9 pour crypter ces informations rend son d\u00e9codage et son traitement par des tiers impossibles sans autorisation.<\/p>\n\n\n\n<p><strong>Stockage de donn\u00e9es<\/strong><\/p>\n\n\n\n<p>Vos donn\u00e9es pour lesquelles vous avez consenti \u00e0 des fins de marketing sont enregistr\u00e9es sur un support priv\u00e9 s\u00e9curis\u00e9 conform\u00e9ment \u00e0 la l\u00e9gislation nationale et europ\u00e9enne en vigueur dans le domaine de la protection des donn\u00e9es personnelles. WIACOM a mis en place, avec les partenaires des sites, des mesures techniques et organisationnelles pour assurer la confidentialit\u00e9 et la s\u00e9curit\u00e9 des donn\u00e9es. Les donn\u00e9es seront conserv\u00e9es dans les syst\u00e8mes WIACOM pendant une p\u00e9riode de cinq ans \u00e0 compter de la collecte des donn\u00e9es. WIACOM oblige les propri\u00e9taires d&#8217;emplacements \u00e0 se conformer \u00e0 la p\u00e9riode de conservation d\u00e9finie dans cette politique, en faisant tous les efforts \u00e0 cette fin.<\/p>\n\n\n\n<p><strong>Comment vos donn\u00e9es seront utilis\u00e9es<\/strong><\/p>\n\n\n\n<p>Les donn\u00e9es collect\u00e9es peuvent \u00eatre utilis\u00e9es par WIACOM et le propri\u00e9taire du site aux fins d\u00e9clar\u00e9es. Ce principe s&rsquo;applique \u00e0 chaque emplacement, de sorte qu&rsquo;\u00e0 chaque fois que vous acc\u00e9dez \u00e0 WIACOM dans un nouvel emplacement, votre consentement \u00e0 des fins de marketing pour cet emplacement sera demand\u00e9. Si vous ne donnez pas votre consentement pour un endroit particulier, cela n&rsquo;affectera pas votre consentement donn\u00e9 pour un autre endroit. Vous pouvez retirer votre consentement donn\u00e9 \u00e0 des fins de marketing pour n&rsquo;importe quel endroit en acc\u00e9dant au portail https:\/\/up.wiacom.ai.<\/p>\n\n\n\n<p>Les donn\u00e9es collect\u00e9es par WIACOM peuvent \u00eatre mises \u00e0 la disposition des autorit\u00e9s comp\u00e9tentes afin de respecter nos obligations l\u00e9gales de fournir ces donn\u00e9es. Les droits pr\u00e9vus dans les Conditions d&rsquo;utilisation du Service s&rsquo;appliquent \u00e9galement aux donn\u00e9es personnelles trait\u00e9es \u00e0 des fins de marketing, et les m\u00eames conditions s&rsquo;appliquent pour leur exercice.<\/p>\n\n\n\n<p>Compte tenu de la finalit\u00e9 marketing sur laquelle vos donn\u00e9es personnelles sont trait\u00e9es, vous avez principalement le droit de vous opposer au traitement.<\/p>\n\n\n\n<p>Vous pouvez retirer votre consentement donn\u00e9 \u00e0 des fins de marketing \u00e0 tout moment en acc\u00e9dant \u00e0 votre compte utilisateur sur https:\/\/up.wiacom.ai. Si vous avez besoin de plus de d\u00e9tails, vous pouvez utiliser les coordonn\u00e9es du lieu: \u00abNum\u00e9ro de t\u00e9l\u00e9phone\u00bb et \u00abE-mail\u00bb.<\/p>\n\n\n\n<p>Un refus par l&rsquo;Utilisateur du traitement de ses donn\u00e9es personnelles (num\u00e9ro de t\u00e9l\u00e9phone portable et email) \u00e0 des fins de marketing direct n&rsquo;\u00e9quivaut pas \u00e0 une interdiction du droit de fournir le Service. L&rsquo;Utilisateur a le droit d&rsquo;utiliser le Service mis \u00e0 disposition par la Soci\u00e9t\u00e9 m\u00eame si l&rsquo;Utilisateur n&rsquo;a pas consenti \u00e0 une communication commerciale, mais uniquement apr\u00e8s avoir accept\u00e9 les Conditions d&rsquo;utilisation du Service.<\/p>\n","protected":false},"excerpt":{"rendered":"<p>En tant qu&rsquo;utilisateur de ce service, vous devez \u00eatre \u00e2g\u00e9 d&rsquo;au moins 16 ans. Vos donn\u00e9es personnelles peuvent \u00eatre utilis\u00e9es par le propri\u00e9taire du lieu que vous visitez pour des messages marketing par SMS et e-mail. Notre politique de confidentialit\u00e9 &hellip; <a class=\"kt-excerpt-readmore more-link\" href=\"https:\/\/wiacom.ai\/fr\/politique-de-marketing-et-de-confidentialite\/\" aria-label=\"Politique de marketing et de confidentialit\u00e9\">Read More<\/a><\/p>\n","protected":false},"author":2,"featured_media":0,"parent":0,"menu_order":0,"comment_status":"closed","ping_status":"closed","template":"","meta":{"content-type":"","kt_blocks_editor_width":"","_kad_blocks_custom_css":"","_kad_blocks_head_custom_js":"","_kad_blocks_body_custom_js":"","_kad_blocks_footer_custom_js":"","footnotes":""},"class_list":["post-3358","page","type-page","status-publish","hentry"],"taxonomy_info":[],"featured_image_src_large":false,"author_info":{"display_name":"Laurentiu Cenusa","author_link":"https:\/\/wiacom.ai\/fr\/author\/wiacom\/"},"comment_info":0,"_links":{"self":[{"href":"https:\/\/wiacom.ai\/fr\/wp-json\/wp\/v2\/pages\/3358","targetHints":{"allow":["GET"]}}],"collection":[{"href":"https:\/\/wiacom.ai\/fr\/wp-json\/wp\/v2\/pages"}],"about":[{"href":"https:\/\/wiacom.ai\/fr\/wp-json\/wp\/v2\/types\/page"}],"author":[{"embeddable":true,"href":"https:\/\/wiacom.ai\/fr\/wp-json\/wp\/v2\/users\/2"}],"replies":[{"embeddable":true,"href":"https:\/\/wiacom.ai\/fr\/wp-json\/wp\/v2\/comments?post=3358"}],"version-history":[{"count":1,"href":"https:\/\/wiacom.ai\/fr\/wp-json\/wp\/v2\/pages\/3358\/revisions"}],"predecessor-version":[{"id":3359,"href":"https:\/\/wiacom.ai\/fr\/wp-json\/wp\/v2\/pages\/3358\/revisions\/3359"}],"wp:attachment":[{"href":"https:\/\/wiacom.ai\/fr\/wp-json\/wp\/v2\/media?parent=3358"}],"curies":[{"name":"wp","href":"https:\/\/api.w.org\/{rel}","templated":true}]}}